{"id":1166,"date":"2021-02-03T10:04:57","date_gmt":"2021-02-03T10:04:57","guid":{"rendered":"https:\/\/www.omnis.net\/store\/product\/schulversion\/"},"modified":"2023-09-20T21:30:57","modified_gmt":"2023-09-20T21:30:57","slug":"schulversion","status":"publish","type":"product","link":"https:\/\/www.omnis.net\/store\/product\/schulversion\/?lang=de","title":{"rendered":"Schulversion"},"content":{"rendered":"<p>Die Omnis Studio Schulversion ist komplett kostenlos und kann von jeder*m zum Lehren, Lernen und Experimentieren genutzt werden, so dass es keine finanziellen Hindernisse f\u00fcr den Einsatz von Omnis Studio im Bildungsbereich gibt. Sie k\u00f6nnen die Entwicklung von mobilen Apps &#8211; sowohl vernetzte als auch \u201estandalone\u201c -, Web- und auch Desktop-Apps oder eine Kombination davon unterrichten. Omnis eignet sich auch ideal f\u00fcr die Vermittlung wichtiger Gesch\u00e4ftsaspekte wie Prototyping, Debugging, Datenbankanbindung, Management des gesamten Lebenszyklus usw.<\/p>\n<p>Wenn Sie neu im Unterrichten von App-Entwicklung mit Omnis sind, unterst\u00fctzen wir Sie aktiv mit Tutorials zur App-Entwicklung, Beispielbibliotheken und technischem Support. Warten Sie nicht l\u00e4nger &#8211; registrieren Sie sich noch heute f\u00fcr Ihre kostenlose Schulversion. Einer unserer Berater wird sich mit Ihnen in Verbindung setzen, um Ihre Anforderungen im Detail zu besprechen und herauszufinden, wie wir Sie am besten unterst\u00fctzen k\u00f6nnen.<\/p>\n","protected":false},"excerpt":{"rendered":"<p>Die Omnis Studio Schulversion ist komplett kostenlos und kann von jeder*m zum Lehren, Lernen und Experimentieren genutzt werden, so dass es keine finanziellen Hindernisse f\u00fcr den Einsatz von Omnis Studio im Bildungsbereich gibt. Sie k\u00f6nnen die Entwicklung von mobilen Apps &#8211; sowohl vernetzte als auch \u201estandalone\u201c -, Web- und auch Desktop-Apps oder eine Kombination davon [&hellip;]<\/p>\n","protected":false},"featured_media":588,"template":"","meta":[],"product_brand":[],"product_cat":[121],"product_tag":[],"class_list":{"0":"post-1166","1":"product","2":"type-product","3":"status-publish","4":"has-post-thumbnail","6":"product_cat-education-edition-de","8":"first","9":"instock","10":"virtual","11":"purchasable","12":"product-type-simple"},"_links":{"self":[{"href":"https:\/\/www.omnis.net\/store\/wp-json\/wp\/v2\/product\/1166","targetHints":{"allow":["GET"]}}],"collection":[{"href":"https:\/\/www.omnis.net\/store\/wp-json\/wp\/v2\/product"}],"about":[{"href":"https:\/\/www.omnis.net\/store\/wp-json\/wp\/v2\/types\/product"}],"version-history":[{"count":0,"href":"https:\/\/www.omnis.net\/store\/wp-json\/wp\/v2\/product\/1166\/revisions"}],"wp:featuredmedia":[{"embeddable":true,"href":"https:\/\/www.omnis.net\/store\/wp-json\/wp\/v2\/media\/588"}],"wp:attachment":[{"href":"https:\/\/www.omnis.net\/store\/wp-json\/wp\/v2\/media?parent=1166"}],"wp:term":[{"taxonomy":"product_brand","embeddable":true,"href":"https:\/\/www.omnis.net\/store\/wp-json\/wp\/v2\/product_brand?post=1166"},{"taxonomy":"product_cat","embeddable":true,"href":"https:\/\/www.omnis.net\/store\/wp-json\/wp\/v2\/product_cat?post=1166"},{"taxonomy":"product_tag","embeddable":true,"href":"https:\/\/www.omnis.net\/store\/wp-json\/wp\/v2\/product_tag?post=1166"}],"curies":[{"name":"wp","href":"https:\/\/api.w.org\/{rel}","templated":true}]}}