{"id":1165,"date":"2021-02-03T10:01:46","date_gmt":"2021-02-03T10:01:46","guid":{"rendered":"https:\/\/www.omnis.net\/store\/product\/studenten-version\/"},"modified":"2023-09-20T21:31:37","modified_gmt":"2023-09-20T21:31:37","slug":"studenten-version","status":"publish","type":"product","link":"https:\/\/www.omnis.net\/store\/product\/studenten-version\/?lang=de","title":{"rendered":"Studenten Version"},"content":{"rendered":"<p>Wenn Sie Sch\u00fcler*in, Student*in oder Auszubildende*r sind und lernen wollen, wie man Business-Apps entwickelt, ist die Omnis Studio Studentenversion ideal f\u00fcr Sie. Sie ist v\u00f6llig kostenlos und enth\u00e4lt alles, was Sie zum Erlernen und Entwickeln von Mobile-, Web- und Desktop-Apps ben\u00f6tigen. Sie beinhaltet auch technischen Support, damit Sie Ihre technischen Fragen mit einem Omnis-Supporttechniker besprechen k\u00f6nnen, und Wartung, damit Sie immer auf dem neuesten Stand der Omnis Studio-Version bleiben. Dar\u00fcber hinaus bieten wir kostenlose Online-Schulungen an, mit denen Sie noch schneller lernen und produktiv werden k\u00f6nnen.<\/p>\n<p>Warten Sie nicht l\u00e4nger &#8211; melden Sie sich noch heute f\u00fcr Ihre kostenlose Studentenversion an. Sie m\u00fcssen nur ein Kundenkonto anlegen und eine Kopie Ihres Studentenausweises oder eines vergleichbaren Dokuments hochladen.<\/p>\n","protected":false},"excerpt":{"rendered":"<p>Wenn Sie Sch\u00fcler*in, Student*in oder Auszubildende*r sind und lernen wollen, wie man Business-Apps entwickelt, ist die Omnis Studio Studentenversion ideal f\u00fcr Sie. Sie ist v\u00f6llig kostenlos und enth\u00e4lt alles, was Sie zum Erlernen und Entwickeln von Mobile-, Web- und Desktop-Apps ben\u00f6tigen. Sie beinhaltet auch technischen Support, damit Sie Ihre technischen Fragen mit einem Omnis-Supporttechniker besprechen [&hellip;]<\/p>\n","protected":false},"featured_media":590,"template":"","meta":[],"product_brand":[],"product_cat":[121],"product_tag":[],"class_list":{"0":"post-1165","1":"product","2":"type-product","3":"status-publish","4":"has-post-thumbnail","6":"product_cat-education-edition-de","8":"first","9":"instock","10":"purchasable","11":"product-type-simple"},"_links":{"self":[{"href":"https:\/\/www.omnis.net\/store\/wp-json\/wp\/v2\/product\/1165","targetHints":{"allow":["GET"]}}],"collection":[{"href":"https:\/\/www.omnis.net\/store\/wp-json\/wp\/v2\/product"}],"about":[{"href":"https:\/\/www.omnis.net\/store\/wp-json\/wp\/v2\/types\/product"}],"version-history":[{"count":1,"href":"https:\/\/www.omnis.net\/store\/wp-json\/wp\/v2\/product\/1165\/revisions"}],"predecessor-version":[{"id":1494,"href":"https:\/\/www.omnis.net\/store\/wp-json\/wp\/v2\/product\/1165\/revisions\/1494"}],"wp:featuredmedia":[{"embeddable":true,"href":"https:\/\/www.omnis.net\/store\/wp-json\/wp\/v2\/media\/590"}],"wp:attachment":[{"href":"https:\/\/www.omnis.net\/store\/wp-json\/wp\/v2\/media?parent=1165"}],"wp:term":[{"taxonomy":"product_brand","embeddable":true,"href":"https:\/\/www.omnis.net\/store\/wp-json\/wp\/v2\/product_brand?post=1165"},{"taxonomy":"product_cat","embeddable":true,"href":"https:\/\/www.omnis.net\/store\/wp-json\/wp\/v2\/product_cat?post=1165"},{"taxonomy":"product_tag","embeddable":true,"href":"https:\/\/www.omnis.net\/store\/wp-json\/wp\/v2\/product_tag?post=1165"}],"curies":[{"name":"wp","href":"https:\/\/api.w.org\/{rel}","templated":true}]}}