{"id":1048,"date":"2020-11-25T18:25:53","date_gmt":"2020-11-25T18:25:53","guid":{"rendered":"https:\/\/www.omnis.net\/store\/product\/universal-edition\/"},"modified":"2024-07-29T07:40:21","modified_gmt":"2024-07-29T07:40:21","slug":"professional-edition","status":"publish","type":"product","link":"https:\/\/www.omnis.net\/store\/product\/professional-edition\/?lang=de","title":{"rendered":"Professional Edition"},"content":{"rendered":"<ul>\n<li>Nutzen Sie die Leistungsf\u00e4higkeit und Flexibilit\u00e4t, um gesch\u00e4ftskritische Anwendungen zu erstellen<\/li>\n<li>Alles, was Sie f\u00fcr die Entwicklung erfolgreicher mobiler, Web- und Desktop-Anwendungen ben\u00f6tigen<\/li>\n<li>Zugriff auf die Datenbank-Backends Ihrer Wahl<\/li>\n<li>Stellen Sie Omnis-Apps f\u00fcr eine beliebige Anzahl von Benutzern mit einer unserer Client-Lizenzierungsoptionen bereit<\/li>\n<li>Bleiben Sie stets up to date, Omnis Maintenance Service ist inklusive; und erhalten Sie hervorragenden technischen Support durch erfahrene Ingenieure<\/li>\n<\/ul>\n<p><strong>Die Professional Edition ist hervorragend geeignet f\u00fcr selbstst\u00e4ndige Entwickler, Entwicklungsunternehmen und interne Entwicklerteams, die volle Leistung und Flexibilit\u00e4t ben\u00f6tigen, um leistungsstarke Anwendungen mit weniger Ressourcen und k\u00fcrzerer Time-to-Market zu entwickeln.<\/strong><\/p>\n","protected":false},"excerpt":{"rendered":"<p>Nutzen Sie die Leistungsf\u00e4higkeit und Flexibilit\u00e4t, um gesch\u00e4ftskritische Anwendungen zu erstellen Alles, was Sie f\u00fcr die Entwicklung erfolgreicher mobiler, Web- und Desktop-Anwendungen ben\u00f6tigen Zugriff auf die Datenbank-Backends Ihrer Wahl Stellen Sie Omnis-Apps f\u00fcr eine beliebige Anzahl von Benutzern mit einer unserer Client-Lizenzierungsoptionen bereit Bleiben Sie stets up to date, Omnis Maintenance Service ist inklusive; und [&hellip;]<\/p>\n","protected":false},"featured_media":1051,"template":"","meta":[],"product_brand":[],"product_cat":[54],"product_tag":[],"class_list":{"0":"post-1048","1":"product","2":"type-product","3":"status-publish","4":"has-post-thumbnail","6":"product_cat-developer-licences-de","8":"first","9":"instock","10":"taxable","11":"shipping-taxable","12":"purchasable","13":"product-type-variable-subscription","14":"has-default-attributes"},"_links":{"self":[{"href":"https:\/\/www.omnis.net\/store\/wp-json\/wp\/v2\/product\/1048","targetHints":{"allow":["GET"]}}],"collection":[{"href":"https:\/\/www.omnis.net\/store\/wp-json\/wp\/v2\/product"}],"about":[{"href":"https:\/\/www.omnis.net\/store\/wp-json\/wp\/v2\/types\/product"}],"version-history":[{"count":1,"href":"https:\/\/www.omnis.net\/store\/wp-json\/wp\/v2\/product\/1048\/revisions"}],"predecessor-version":[{"id":1464,"href":"https:\/\/www.omnis.net\/store\/wp-json\/wp\/v2\/product\/1048\/revisions\/1464"}],"wp:featuredmedia":[{"embeddable":true,"href":"https:\/\/www.omnis.net\/store\/wp-json\/wp\/v2\/media\/1051"}],"wp:attachment":[{"href":"https:\/\/www.omnis.net\/store\/wp-json\/wp\/v2\/media?parent=1048"}],"wp:term":[{"taxonomy":"product_brand","embeddable":true,"href":"https:\/\/www.omnis.net\/store\/wp-json\/wp\/v2\/product_brand?post=1048"},{"taxonomy":"product_cat","embeddable":true,"href":"https:\/\/www.omnis.net\/store\/wp-json\/wp\/v2\/product_cat?post=1048"},{"taxonomy":"product_tag","embeddable":true,"href":"https:\/\/www.omnis.net\/store\/wp-json\/wp\/v2\/product_tag?post=1048"}],"curies":[{"name":"wp","href":"https:\/\/api.w.org\/{rel}","templated":true}]}}