{"id":1047,"date":"2020-12-10T21:43:13","date_gmt":"2020-12-10T21:43:13","guid":{"rendered":"https:\/\/www.omnis.net\/store\/product\/platinum-support\/"},"modified":"2023-09-07T11:46:11","modified_gmt":"2023-09-07T11:46:11","slug":"platinum-support","status":"publish","type":"product","link":"https:\/\/www.omnis.net\/store\/product\/platinum-support\/?lang=de","title":{"rendered":"Platin Support"},"content":{"rendered":"<ul>\n<li>Support und Wartung f\u00fcr Omnis Studio Standard + Professional Editionen<\/li>\n<li>voller technischer Support inkl. Updates &amp; Upgrades f\u00fcr Entwicklerlizenz<\/li>\n<li>f\u00fcr 12 Monate<\/li>\n<\/ul>\n","protected":false},"excerpt":{"rendered":"<p>Support und Wartung f\u00fcr Omnis Studio Standard + Professional Editionen voller technischer Support inkl. Updates &amp; Upgrades f\u00fcr Entwicklerlizenz f\u00fcr 12 Monate<\/p>\n","protected":false},"featured_media":1045,"template":"","meta":[],"product_brand":[],"product_cat":[55],"product_tag":[],"class_list":{"0":"post-1047","1":"product","2":"type-product","3":"status-publish","4":"has-post-thumbnail","6":"product_cat-support-de","8":"first","9":"instock","10":"virtual","11":"taxable","12":"purchasable","13":"product-type-simple"},"_links":{"self":[{"href":"https:\/\/www.omnis.net\/store\/wp-json\/wp\/v2\/product\/1047","targetHints":{"allow":["GET"]}}],"collection":[{"href":"https:\/\/www.omnis.net\/store\/wp-json\/wp\/v2\/product"}],"about":[{"href":"https:\/\/www.omnis.net\/store\/wp-json\/wp\/v2\/types\/product"}],"version-history":[{"count":0,"href":"https:\/\/www.omnis.net\/store\/wp-json\/wp\/v2\/product\/1047\/revisions"}],"wp:featuredmedia":[{"embeddable":true,"href":"https:\/\/www.omnis.net\/store\/wp-json\/wp\/v2\/media\/1045"}],"wp:attachment":[{"href":"https:\/\/www.omnis.net\/store\/wp-json\/wp\/v2\/media?parent=1047"}],"wp:term":[{"taxonomy":"product_brand","embeddable":true,"href":"https:\/\/www.omnis.net\/store\/wp-json\/wp\/v2\/product_brand?post=1047"},{"taxonomy":"product_cat","embeddable":true,"href":"https:\/\/www.omnis.net\/store\/wp-json\/wp\/v2\/product_cat?post=1047"},{"taxonomy":"product_tag","embeddable":true,"href":"https:\/\/www.omnis.net\/store\/wp-json\/wp\/v2\/product_tag?post=1047"}],"curies":[{"name":"wp","href":"https:\/\/api.w.org\/{rel}","templated":true}]}}