{"id":1036,"date":"2020-11-25T18:21:22","date_gmt":"2020-11-25T18:21:22","guid":{"rendered":"https:\/\/www.omnis.net\/store\/product\/cloud-edition\/"},"modified":"2024-07-29T09:19:06","modified_gmt":"2024-07-29T09:19:06","slug":"communitypro-edition","status":"publish","type":"product","link":"https:\/\/www.omnis.net\/store\/product\/communitypro-edition\/?lang=de","title":{"rendered":"CommunityPro Edition"},"content":{"rendered":"<ul>\n<li>Alles, was Sie f\u00fcr die Entwicklung leistungsf\u00e4higer Web- und Mobile Apps ben\u00f6tigen<\/li>\n<li>Laden Sie so viele Benutzer ein, wie Sie m\u00f6chten, mit einer unserer Client-Lizenzierungsoptionen<\/li>\n<li>Bleiben Sie stets up to date, Omnis Maintenance Service ist inklusive<\/li>\n<li>Nutzen Sie den kostenlosen Email-Support<\/li>\n<\/ul>\n<p><strong>Die CommunityPro Edition ist ideal f\u00fcr Start-ups, selbstst\u00e4ndige Entwickler und Entwicklungsteams, die mit weniger Ressourcen und einer k\u00fcrzeren Time-to-Market erfolgreiche Web- und Mobile-Apps f\u00fcr Unternehmen entwickeln wollen.<\/strong><\/p>\n","protected":false},"excerpt":{"rendered":"<p>Alles, was Sie f\u00fcr die Entwicklung leistungsf\u00e4higer Web- und Mobile Apps ben\u00f6tigen Laden Sie so viele Benutzer ein, wie Sie m\u00f6chten, mit einer unserer Client-Lizenzierungsoptionen Bleiben Sie stets up to date, Omnis Maintenance Service ist inklusive Nutzen Sie den kostenlosen Email-Support Die CommunityPro Edition ist ideal f\u00fcr Start-ups, selbstst\u00e4ndige Entwickler und Entwicklungsteams, die mit weniger [&hellip;]<\/p>\n","protected":false},"featured_media":1039,"template":"","meta":[],"product_brand":[],"product_cat":[54],"product_tag":[],"class_list":{"0":"post-1036","1":"product","2":"type-product","3":"status-publish","4":"has-post-thumbnail","6":"product_cat-developer-licences-de","8":"first","9":"instock","10":"taxable","11":"shipping-taxable","12":"purchasable","13":"product-type-variable-subscription","14":"has-default-attributes"},"_links":{"self":[{"href":"https:\/\/www.omnis.net\/store\/wp-json\/wp\/v2\/product\/1036","targetHints":{"allow":["GET"]}}],"collection":[{"href":"https:\/\/www.omnis.net\/store\/wp-json\/wp\/v2\/product"}],"about":[{"href":"https:\/\/www.omnis.net\/store\/wp-json\/wp\/v2\/types\/product"}],"version-history":[{"count":2,"href":"https:\/\/www.omnis.net\/store\/wp-json\/wp\/v2\/product\/1036\/revisions"}],"predecessor-version":[{"id":1588,"href":"https:\/\/www.omnis.net\/store\/wp-json\/wp\/v2\/product\/1036\/revisions\/1588"}],"wp:featuredmedia":[{"embeddable":true,"href":"https:\/\/www.omnis.net\/store\/wp-json\/wp\/v2\/media\/1039"}],"wp:attachment":[{"href":"https:\/\/www.omnis.net\/store\/wp-json\/wp\/v2\/media?parent=1036"}],"wp:term":[{"taxonomy":"product_brand","embeddable":true,"href":"https:\/\/www.omnis.net\/store\/wp-json\/wp\/v2\/product_brand?post=1036"},{"taxonomy":"product_cat","embeddable":true,"href":"https:\/\/www.omnis.net\/store\/wp-json\/wp\/v2\/product_cat?post=1036"},{"taxonomy":"product_tag","embeddable":true,"href":"https:\/\/www.omnis.net\/store\/wp-json\/wp\/v2\/product_tag?post=1036"}],"curies":[{"name":"wp","href":"https:\/\/api.w.org\/{rel}","templated":true}]}}