{"id":1022,"date":"2020-12-14T09:39:46","date_gmt":"2020-12-14T09:39:46","guid":{"rendered":"https:\/\/www.omnis.net\/store\/product\/odpp-double\/"},"modified":"2023-09-07T16:35:59","modified_gmt":"2023-09-07T16:35:59","slug":"odpp-double","status":"publish","type":"product","link":"https:\/\/www.omnis.net\/store\/product\/odpp-double\/?lang=de","title":{"rendered":"ODPP DOUBLE"},"content":{"rendered":"<ul>\n<li>2 Entwicklerlizenzen Omnis Studio Professional Edition<\/li>\n<li>Wartung und automatische Upgrades f\u00fcr Ihre enthaltenen Entwicklerlizenzen<\/li>\n<li>Bevorzugter technischer Support<\/li>\n<li>20 % Rabatt auf Lizenzen<\/li>\n<li>Kostenlose Updates f\u00fcr Client-Lizenzen<\/li>\n<li>50 % Upgrade-Rabatt f\u00fcr Client-Lizenzen<\/li>\n<li>12,5 % Rabatt auf Consulting<\/li>\n<li>Zugang zum ODPP-Bereich, zum Beta-Programm und zu Sonderangeboten<\/li>\n<\/ul>\n","protected":false},"excerpt":{"rendered":"<p>2 Entwicklerlizenzen Omnis Studio Professional Edition Wartung und automatische Upgrades f\u00fcr Ihre enthaltenen Entwicklerlizenzen Bevorzugter technischer Support 20 % Rabatt auf Lizenzen Kostenlose Updates f\u00fcr Client-Lizenzen 50 % Upgrade-Rabatt f\u00fcr Client-Lizenzen 12,5 % Rabatt auf Consulting Zugang zum ODPP-Bereich, zum Beta-Programm und zu Sonderangeboten<\/p>\n","protected":false},"featured_media":390,"template":"","meta":[],"product_brand":[],"product_cat":[53],"product_tag":[],"class_list":{"0":"post-1022","1":"product","2":"type-product","3":"status-publish","4":"has-post-thumbnail","6":"product_cat-odpp-de","8":"first","9":"instock","10":"taxable","11":"shipping-taxable","12":"purchasable","13":"product-type-variable-subscription","14":"has-default-attributes"},"_links":{"self":[{"href":"https:\/\/www.omnis.net\/store\/wp-json\/wp\/v2\/product\/1022","targetHints":{"allow":["GET"]}}],"collection":[{"href":"https:\/\/www.omnis.net\/store\/wp-json\/wp\/v2\/product"}],"about":[{"href":"https:\/\/www.omnis.net\/store\/wp-json\/wp\/v2\/types\/product"}],"version-history":[{"count":0,"href":"https:\/\/www.omnis.net\/store\/wp-json\/wp\/v2\/product\/1022\/revisions"}],"wp:featuredmedia":[{"embeddable":true,"href":"https:\/\/www.omnis.net\/store\/wp-json\/wp\/v2\/media\/390"}],"wp:attachment":[{"href":"https:\/\/www.omnis.net\/store\/wp-json\/wp\/v2\/media?parent=1022"}],"wp:term":[{"taxonomy":"product_brand","embeddable":true,"href":"https:\/\/www.omnis.net\/store\/wp-json\/wp\/v2\/product_brand?post=1022"},{"taxonomy":"product_cat","embeddable":true,"href":"https:\/\/www.omnis.net\/store\/wp-json\/wp\/v2\/product_cat?post=1022"},{"taxonomy":"product_tag","embeddable":true,"href":"https:\/\/www.omnis.net\/store\/wp-json\/wp\/v2\/product_tag?post=1022"}],"curies":[{"name":"wp","href":"https:\/\/api.w.org\/{rel}","templated":true}]}}