{"id":1019,"date":"2020-12-14T09:21:27","date_gmt":"2020-12-14T09:21:27","guid":{"rendered":"https:\/\/www.omnis.net\/store\/product\/odpp-solo\/"},"modified":"2023-09-07T12:09:15","modified_gmt":"2023-09-07T12:09:15","slug":"odpp-solo","status":"publish","type":"product","link":"https:\/\/www.omnis.net\/store\/product\/odpp-solo\/?lang=de","title":{"rendered":"ODPP SOLO"},"content":{"rendered":"<ul>\n<li>1 Entwicklerlizenz Omnis Studio Professional Edition<\/li>\n<li>Wartung und automatische Upgrades f\u00fcr Ihre Entwicklerlizenz<\/li>\n<li>Bevorzugter technischer Support<\/li>\n<li>15 % Rabatt auf Lizenzen<\/li>\n<li>Kostenlose Updates f\u00fcr Client-Lizenzen<\/li>\n<li>50 % Upgrade-Rabatt f\u00fcr Client-Lizenzen<\/li>\n<li>10 % Rabatt auf Consulting<\/li>\n<li>Zugang zum ODPP-Bereich, zum Beta-Programm und zu Sonderangeboten<\/li>\n<\/ul>\n","protected":false},"excerpt":{"rendered":"<p>1 Entwicklerlizenz Omnis Studio Professional Edition Wartung und automatische Upgrades f\u00fcr Ihre Entwicklerlizenz Bevorzugter technischer Support 15 % Rabatt auf Lizenzen Kostenlose Updates f\u00fcr Client-Lizenzen 50 % Upgrade-Rabatt f\u00fcr Client-Lizenzen 10 % Rabatt auf Consulting Zugang zum ODPP-Bereich, zum Beta-Programm und zu Sonderangeboten<\/p>\n","protected":false},"featured_media":382,"template":"","meta":[],"product_brand":[],"product_cat":[53],"product_tag":[],"class_list":{"0":"post-1019","1":"product","2":"type-product","3":"status-publish","4":"has-post-thumbnail","6":"product_cat-odpp-de","8":"first","9":"instock","10":"taxable","11":"shipping-taxable","12":"purchasable","13":"product-type-variable-subscription","14":"has-default-attributes"},"_links":{"self":[{"href":"https:\/\/www.omnis.net\/store\/wp-json\/wp\/v2\/product\/1019","targetHints":{"allow":["GET"]}}],"collection":[{"href":"https:\/\/www.omnis.net\/store\/wp-json\/wp\/v2\/product"}],"about":[{"href":"https:\/\/www.omnis.net\/store\/wp-json\/wp\/v2\/types\/product"}],"version-history":[{"count":0,"href":"https:\/\/www.omnis.net\/store\/wp-json\/wp\/v2\/product\/1019\/revisions"}],"wp:featuredmedia":[{"embeddable":true,"href":"https:\/\/www.omnis.net\/store\/wp-json\/wp\/v2\/media\/382"}],"wp:attachment":[{"href":"https:\/\/www.omnis.net\/store\/wp-json\/wp\/v2\/media?parent=1019"}],"wp:term":[{"taxonomy":"product_brand","embeddable":true,"href":"https:\/\/www.omnis.net\/store\/wp-json\/wp\/v2\/product_brand?post=1019"},{"taxonomy":"product_cat","embeddable":true,"href":"https:\/\/www.omnis.net\/store\/wp-json\/wp\/v2\/product_cat?post=1019"},{"taxonomy":"product_tag","embeddable":true,"href":"https:\/\/www.omnis.net\/store\/wp-json\/wp\/v2\/product_tag?post=1019"}],"curies":[{"name":"wp","href":"https:\/\/api.w.org\/{rel}","templated":true}]}}