{"id":1099,"date":"2022-06-23T19:33:52","date_gmt":"2022-06-23T19:33:52","guid":{"rendered":"https:\/\/www.omnis.net\/store\/education-edition\/"},"modified":"2023-09-08T10:56:28","modified_gmt":"2023-09-08T10:56:28","slug":"education-edition","status":"publish","type":"page","link":"https:\/\/www.omnis.net\/store\/education-edition\/?lang=de","title":{"rendered":"Ausbildungsprogramm"},"content":{"rendered":"<div class=\"wpb-content-wrapper\"><p>[vc_section][vc_row][vc_column][vc_column_text]<\/p>\n<h1 style=\"text-align: center;\"><span style=\"color: #0f6cb1;\">Entwickeln Sie Ihre F\u00e4higkeiten<br \/>\n<\/span>mit dem Omnis-Bildungsprogramm<\/h1>\n<p>[\/vc_column_text][vc_row_inner css=&#8221;.vc_custom_1603804885044{padding-top: 0px !important;padding-bottom: 0px !important;}&#8221;][vc_column_inner width=&#8221;1\/6&#8243;][\/vc_column_inner][vc_column_inner width=&#8221;2\/3&#8243;][vc_column_text]<\/p>\n<p style=\"text-align: center;\">Mit Omnis Studio ist es wirklich einfach, App-Entwicklung zu lernen und zu lehren. Schulen, Ausbildungsbetriebe und Universit\u00e4ten auf der ganzen Welt unterrichten mit Omnis und versetzen ihre Studenten in die Lage, fantastische Apps f\u00fcr alle Plattformen und Ger\u00e4te zu entwickeln. Finden Sie heraus, warum.<\/p>\n<p>[\/vc_column_text][\/vc_column_inner][vc_column_inner width=&#8221;1\/6&#8243;][\/vc_column_inner][\/vc_row_inner][\/vc_column][\/vc_row][\/vc_section][vc_section][vc_row full_width=&#8221;&#8221; equal_height=&#8221;yes&#8221; content_placement=&#8221;middle&#8221; css=&#8221;.vc_custom_1610533692118{border-top-width: 3px !important;border-right-width: 3px !important;border-bottom-width: 3px !important;border-left-width: 3px !important;}&#8221;][vc_column width=&#8221;1\/2&#8243; css=&#8221;.vc_custom_1604065912581{background-color: #8b27f2 !important;}&#8221;][vc_column_text]<\/p>\n<h2 style=\"text-align: center;\"><span style=\"color: #ffffff;\">Studentenversion<\/span><\/h2>\n<p><img decoding=\"async\" class=\"wp-image-55 aligncenter\" src=\"https:\/\/www.omnis.net\/store\/wp-content\/uploads\/2020\/10\/Omnis-Educational-Product.png\" alt=\"\" width=\"100\" height=\"100\" srcset=\"https:\/\/www.omnis.net\/store\/wp-content\/uploads\/2020\/10\/Omnis-Educational-Product.png 512w, https:\/\/www.omnis.net\/store\/wp-content\/uploads\/2020\/10\/Omnis-Educational-Product-200x200.png 200w, https:\/\/www.omnis.net\/store\/wp-content\/uploads\/2020\/10\/Omnis-Educational-Product-300x300.png 300w, https:\/\/www.omnis.net\/store\/wp-content\/uploads\/2020\/10\/Omnis-Educational-Product-100x100.png 100w\" sizes=\"(max-width: 100px) 100vw, 100px\" \/>[\/vc_column_text][vc_column_text]<\/p>\n<p style=\"text-align: center;\"><span style=\"color: #ffffff;\">Mit Omnis lernen Sie nicht nur schnell, gro\u00dfartige Apps mit den neuesten Technologien zu entwickeln, Sie lernen auch, wichtige gesch\u00e4ftliche Anforderungen zu erf\u00fcllen wie Code- und Zeitmanagement, das Erstellen von Prototypen, die Integration neuer Apps in bestehende Hardware- und Softwareumgebungen und viele andere F\u00e4higkeiten. Sehen Sie selbst, warum wir davon \u00fcberzeugt sind, dass Omnis das ideale Werkzeug ist, um zu lernen, wie man Apps entwickelt, die reale Probleme l\u00f6sen.<\/span><\/p>\n<p>[\/vc_column_text][vc_empty_space height=&#8221;35px&#8221;]<style type=\"text\/css\">#bklyn_btn_69ec8c47aede9 .bklyn-btn { color:#000000 !important; border-color:#ff9900 !important; border-width:3px !important; background-color:#ffffff !important; }#bklyn_btn_69ec8c47aede9 .bklyn-btn:hover{ color:#ff9900 !important; border-color:#ff9900 !important; }#bklyn_btn_69ec8c47aede9 .bklyn-btn:focus{ color:#ff9900 !important; border-color:#ff9900 !important; }#bklyn_btn_69ec8c47aede9 .bklyn-btn:active { color:#ff9900 !important; border-color:#ff9900 !important; }#bklyn_btn_69ec8c47aede9 a.bklyn-btn { font-weight:bold !important; }#bklyn_btn_69ec8c47aede9.bklyn-btn-header a.bklyn-btn { font-weight:bold !important; }#bklyn_btn_69ec8c47aede9.bklyn-btn-header a.bklyn-btn span { font-weight:bold !important; }#bklyn_btn_69ec8c47aede9 a.bklyn-btn { text-transform:none !important; }<\/style><div id=\"bklyn_btn_69ec8c47aede9\" class=\"bklyn-btn-holder  bklyn-btn-center bklyn-btn-tablet-center bklyn-btn-mobile-center\"><a title=\"Student Version\"   href=\"\/store\/product\/student-version\/?lang=de\" target=\"_self\" class=\"bklyn-btn  bklyn-btn-outline bklyn-btn-normal\" ><span class=\"ut-btn-text\">Kostenlose Studentenversion<\/span><\/a><\/div>[\/vc_column][vc_column width=&#8221;1\/2&#8243; css=&#8221;.vc_custom_1606470506292{border-right-width: 3px !important;background-color: #5025e8 !important;}&#8221;][vc_column_text]<\/p>\n<h2 style=\"text-align: center;\"><span style=\"color: #ffffff;\">Schulversion<\/span><\/h2>\n<p><img decoding=\"async\" class=\"wp-image-55 aligncenter\" src=\"\/store\/wp-content\/uploads\/2021\/01\/Omnis-Education-offer-School.png\" alt=\"\" width=\"100\" height=\"100\" \/>[\/vc_column_text][vc_column_text]<\/p>\n<p style=\"text-align: center;\"><span style=\"color: #ffffff;\">Immer mehr Bildungseinrichtungen nehmen Omnis Studio in ihren Lehrplan auf. Kein Wunder &#8211; es ist so einfach! Es reduziert den Stress f\u00fcr die Lehrkr\u00e4fte und erh\u00f6ht die Motivation und den Spa\u00df f\u00fcr die Lernenden, denn mit Omnis sehen alle in k\u00fcrzester Zeit reale Erfolge. Omnis bietet alle Technologien in einem Paket und mit nur einer Code-Basis, so dass Sie nicht 3 oder 4 verschiedene Produkte unterrichten m\u00fcssen, um eine anspruchsvolle moderne Business-App zu entwickeln. Deshalb sagen wir, dass Omnis das ideale Werkzeug f\u00fcr den Unterricht zum Erstellen von Apps ist.<\/span><\/p>\n<p>[\/vc_column_text]<style type=\"text\/css\">#bklyn_btn_69ec8c47aee5d .bklyn-btn { color:#000000 !important; border-color:#ff9900 !important; border-width:3px !important; background-color:#ffffff !important; }#bklyn_btn_69ec8c47aee5d .bklyn-btn:hover{ color:#ff9900 !important; border-color:#ff9900 !important; }#bklyn_btn_69ec8c47aee5d .bklyn-btn:focus{ color:#ff9900 !important; border-color:#ff9900 !important; }#bklyn_btn_69ec8c47aee5d .bklyn-btn:active { color:#ff9900 !important; border-color:#ff9900 !important; }#bklyn_btn_69ec8c47aee5d a.bklyn-btn { font-weight:bold !important; }#bklyn_btn_69ec8c47aee5d.bklyn-btn-header a.bklyn-btn { font-weight:bold !important; }#bklyn_btn_69ec8c47aee5d.bklyn-btn-header a.bklyn-btn span { font-weight:bold !important; }#bklyn_btn_69ec8c47aee5d a.bklyn-btn { text-transform:none !important; }<\/style><div id=\"bklyn_btn_69ec8c47aee5d\" class=\"bklyn-btn-holder  bklyn-btn-center bklyn-btn-tablet-center bklyn-btn-mobile-center\"><a title=\"Education Version\"   href=\"\/store\/product\/education-version\/?lang=de\" target=\"_self\" class=\"bklyn-btn  bklyn-btn-outline bklyn-btn-normal\" ><span class=\"ut-btn-text\">Kostenlose Schulversion<\/span><\/a><\/div>[\/vc_column][\/vc_row][vc_row][vc_column][vc_row_inner content_placement=&#8221;middle&#8221;][vc_column_inner width=&#8221;1\/4&#8243;][vc_column_text]<img fetchpriority=\"high\" decoding=\"async\" class=\"aligncenter wp-image-571 size-full\" src=\"https:\/\/www.omnis.net\/store\/wp-content\/uploads\/2021\/01\/Simon-Fraser-University-Omnis-reference.png\" alt=\"\" width=\"576\" height=\"577\" srcset=\"https:\/\/www.omnis.net\/store\/wp-content\/uploads\/2021\/01\/Simon-Fraser-University-Omnis-reference.png 576w, https:\/\/www.omnis.net\/store\/wp-content\/uploads\/2021\/01\/Simon-Fraser-University-Omnis-reference-200x200.png 200w, https:\/\/www.omnis.net\/store\/wp-content\/uploads\/2021\/01\/Simon-Fraser-University-Omnis-reference-300x300.png 300w, https:\/\/www.omnis.net\/store\/wp-content\/uploads\/2021\/01\/Simon-Fraser-University-Omnis-reference-100x100.png 100w\" sizes=\"(max-width: 576px) 100vw, 576px\" \/><img loading=\"lazy\" decoding=\"async\" class=\"aligncenter wp-image-573 size-full\" src=\"https:\/\/www.omnis.net\/store\/wp-content\/uploads\/2021\/01\/Simon-Fraser-University-Omnis-reference.jpg\" alt=\"\" width=\"801\" height=\"119\" srcset=\"https:\/\/www.omnis.net\/store\/wp-content\/uploads\/2021\/01\/Simon-Fraser-University-Omnis-reference.jpg 801w, https:\/\/www.omnis.net\/store\/wp-content\/uploads\/2021\/01\/Simon-Fraser-University-Omnis-reference-768x114.jpg 768w, https:\/\/www.omnis.net\/store\/wp-content\/uploads\/2021\/01\/Simon-Fraser-University-Omnis-reference-600x89.jpg 600w\" sizes=\"(max-width: 801px) 100vw, 801px\" \/>[\/vc_column_text][\/vc_column_inner][vc_column_inner width=&#8221;3\/4&#8243;][ut_parallax_quote quote_linebreak_tablet=&#8221;on&#8221; quote_linebreak_mobile=&#8221;on&#8221; cite_custom_border=&#8221;yes&#8221; quote_font_size=&#8221;16&#8243; quote_line_height=&#8221;30&#8243; quote_ins_font_weight=&#8221;&#8221; cite_font_weight=&#8221;&#8221; cite=&#8221;Dan Ridinger, Dozent an der Simon Fraser University (SFU), Vancouver, Canada&#8221; css=&#8221;.vc_custom_1694170179574{padding-right: 30px !important;padding-left: 30px !important;}&#8221; icon=&#8221;fa fa-quote-left&#8221; icon_color=&#8221;#5025e8&#8243;]Ich unterrichte jedes Semester zwischen 65 und \u00fcber 100 Studierende. Sie alle kennen jetzt das Omnis-Konzept&#8230; Sie sehen, dass sie etwas bauen k\u00f6nnen, das funktioniert, real ist und auf den Anforderungen basiert, mit denen wir in der realen Welt konfrontiert sind&#8230; Omnis deckt den gesamten Lebenszyklus ab. Man kann es als Prototyping-Tool verwenden, so dass alles, was man macht, zu einer echten Anwendung wird. Sie k\u00f6nnen damit Datenbanken erstellen oder sie einfach in Industriestandard-Datenbanken integrieren&#8230; Es kann auch so geschrieben werden, dass es verschiedene Ger\u00e4te von au\u00dfen erkennt, so dass Entwickler Anwendungen auf der ganzen Welt mit einem Minimum an Barrieren entwickeln k\u00f6nnen &#8211; ein entscheidender Vorteil in einer globalisierten Wirtschaft.[\/ut_parallax_quote][\/vc_column_inner][\/vc_row_inner][\/vc_column][\/vc_row][\/vc_section][vc_section css=&#8221;.vc_custom_1612345964946{background-color: rgba(139, 40, 242, 0.03) !important;*background-color: rgba(139,40, 242, 0.03) !important;}&#8221;][vc_row][vc_column][vc_column_text]<\/p>\n<h2 style=\"text-align: left;\">H\u00e4ufig gestellte Fragen \u00fcber <span style=\"color: #008ed6;\">&#8230;<\/span><\/h2>\n<p>[\/vc_column_text][\/vc_column][\/vc_row][vc_row equal_height=&#8221;yes&#8221; el_id=&#8221;faqproducts&#8221;][vc_column width=&#8221;1\/6&#8243;][\/vc_column][vc_column width=&#8221;2\/3&#8243;][vc_column_text]<\/p>\n<h3><span style=\"color: #008ed6;\">&#8230;<\/span>\u00a0das Omnis Studio-Bildungsprogramm<\/h3>\n<p>[\/vc_column_text]<div class=\"wpb_content_element \"><style type=\"text\/css\">#ut_accordion_69ec8c47aeeba .ut-accordion-module-heading { color: #707070 }#ut_accordion_69ec8c47aeeba .ut-accordion-module-item.open .ut-accordion-module-heading { color: #ffffff }#ut_accordion_69ec8c47aeeba .ut-accordion-module-heading:hover { color: #ffffff }#ut_accordion_69ec8c47aeeba .ut-accordion-module-heading:active { color: #ffffff }#ut_accordion_69ec8c47aeeba .ut-accordion-module-heading:focus { color: #ffffff }#ut_accordion_69ec8c47aeeba .ut-accordion-module-heading { background: #c2cdd6 }#ut_accordion_69ec8c47aeeba .ut-accordion-module-heading:after { color: #000000 }#ut_accordion_69ec8c47aeeba .ut-accordion-module-heading { font-size: 14px; }#ut_accordion_69ec8c47aeeba .ut-accordion-module-heading { font-weight: 400; }#ut_accordion_69ec8c47aeeba .ut-accordion-module-heading::before { -webkit-border-radius: 50%; -moz-border-radius: 50%; border-radius: 50%; }#ut_accordion_69ec8c47aeeba .ut-accordion-module-heading::before { color: #ffffff; }#ut_accordion_69ec8c47aeeba .ut-accordion-module-heading::before { background: #008ed6; }#ut_accordion_69ec8c47aeeba .ut-accordion-module-heading::before { border: 1px solid #008ed6; }<\/style><div id=\"ut_accordion_69ec8c47aeeba\" data-accordion-group class=\"ut-accordion-module ut-accordion-module-group  ut-accordion-module-with-counter ut-accordion-module-with-background\"><div data-accordion data-transition=\"400\" data-easing=\"ease\" class=\"ut-accordion-module-item \"><h3 data-control class=\"ut-accordion-module-heading\" data-counter=\"1\">Was beinhaltet die kostenlose Studentenversion?<\/h3><div data-content class=\"ut-accordion-module-content\"><div class=\"ut-accordion-module-inner entry-content clearfix\"><p>Die Studentenversion enth\u00e4lt alles, was Sie brauchen, um die Entwicklung von mobilen, Web- und Desktop-Apps zu erlernen. Sie k\u00f6nnen damit auf alle g\u00e4ngigen Datenbanksysteme zugreifen, z. B. PostgreSQL, MySQL, Oracle, MS SQL Server, SAP HANA und viele andere.<\/p>\n<\/div><\/div><\/div><div data-accordion data-transition=\"400\" data-easing=\"ease\" class=\"ut-accordion-module-item \"><h3 data-control class=\"ut-accordion-module-heading\" data-counter=\"2\">Wie kann ich mich f\u00fcr eine kostenlose Studentenversion anmelden?<\/h3><div data-content class=\"ut-accordion-module-content\"><div class=\"ut-accordion-module-inner entry-content clearfix\"><p>Jede*r Sch\u00fcler*in, Auszubildende oder Studierende kann sich f\u00fcr eine kostenlose Studentenversion registrieren. Sie m\u00fcssen sich lediglich <strong><a href=\"https:\/\/www.omnis.net\/store\/product\/student-version\/?lang=de\">hier<\/a><\/strong> registrieren und eine Kopie Ihres Studierendenausweises oder eines vergleichbaren Dokuments beilegen. Wir stellen Ihnen dann gerne Ihre Student Version zur Verf\u00fcgung, die auf 12 Monate befristet ist. Sie kann Jahr f\u00fcr Jahr verl\u00e4ngert werden, solange Sie weiterhin in der Ausbildung sind.<\/p>\n<\/div><\/div><\/div><div data-accordion data-transition=\"400\" data-easing=\"ease\" class=\"ut-accordion-module-item \"><h3 data-control class=\"ut-accordion-module-heading\" data-counter=\"3\">Wie kann ich meine Studentenversion verl\u00e4ngern?<\/h3><div data-content class=\"ut-accordion-module-content\"><div class=\"ut-accordion-module-inner entry-content clearfix\"><p>Die kostenlose Student Version ist zun\u00e4chst auf 12 Monate begrenzt. Wenn Sie weiter mit Omnis Studio arbeiten m\u00f6chten und noch Sch\u00fcler*in, Auszubildende*r oder Student*in sind, k\u00f6nnen Sie sie mehrmals um weitere 12 Monate verl\u00e4ngern. Gehen Sie einfach auf unsere <strong><a href=\"https:\/\/www.omnis.net\/store\/product\/education-version\/?lang=de\">Schulversion<\/a><\/strong>, f\u00fcllen Sie das Registrierungsformular aus, kreuzen Sie das K\u00e4stchen &#8220;Verl\u00e4ngerung&#8221; an und legen Sie eine Kopie Ihres aktuellen Studierendenausweises oder eines vergleichbaren Dokuments bei.<\/p>\n<\/div><\/div><\/div><div data-accordion data-transition=\"400\" data-easing=\"ease\" class=\"ut-accordion-module-item \"><h3 data-control class=\"ut-accordion-module-heading\" data-counter=\"4\">Kann ich die Community Edition anstelle der Studentenversion verwenden, um Omnis zu lernen?<\/h3><div data-content class=\"ut-accordion-module-content\"><div class=\"ut-accordion-module-inner entry-content clearfix\"><p>Die Omnis Studio Community Edition eignet sich f\u00fcr mobile und Web-Apps mit (zu Anfang) einer geringen Anzahl von Nutzern und ist ideal f\u00fcr Entwickler, die neu in Omnis sind und ihre ersten Projekte mit Omnis umsetzen wollen. Wenn Sie jedoch Omnis erlernen m\u00f6chten, sollten Sie die Student Version verwenden, die alle Vorteile der Omnis Studio Professional Edition plus die Omnis Serverless-Komponente (optional) enth\u00e4lt und besser f\u00fcr den akademischen Einsatz geeignet ist. Das bedeutet, dass Sie mit der Student Version lernen k\u00f6nnen, Web-, Desktop- und Mobile-Apps zu entwickeln, die auf jedes Datenbanksystem zugreifen k\u00f6nnen, und vieles mehr.<\/p>\n<p>Sie ist kostenlos &#8211; melden Sie sich also einfach an und legen Sie sofort los.<\/p>\n<\/div><\/div><\/div><div data-accordion data-transition=\"400\" data-easing=\"ease\" class=\"ut-accordion-module-item \"><h3 data-control class=\"ut-accordion-module-heading\" data-counter=\"5\">Ich bin Dozent*in. Wie kann ich bei Fragen oder technischen Problemen technische Unterst\u00fctzung erhalten?<\/h3><div data-content class=\"ut-accordion-module-content\"><div class=\"ut-accordion-module-inner entry-content clearfix\"><p>Wenn Sie mit Omnis Studio unterrichten, k\u00f6nnen Sie sicher sein, dass wir Sie so gut wie m\u00f6glich unterst\u00fctzen werden. Sie erhalten kostenlosen qualifizierten Support, wann immer Sie ihn brauchen, und in der Form, die f\u00fcr Sie am besten geeignet ist &#8211; per Telefon, per Email, in Remote Sessions, mit individuellen Beispielbibliotheken usw.<\/p>\n<\/div><\/div><\/div><div data-accordion data-transition=\"400\" data-easing=\"ease\" class=\"ut-accordion-module-item \"><h3 data-control class=\"ut-accordion-module-heading\" data-counter=\"6\">Gibt es Beispielanwendungen und Unterrichtsmaterialien, die ich in meinem Unterricht verwenden kann?<\/h3><div data-content class=\"ut-accordion-module-content\"><div class=\"ut-accordion-module-inner entry-content clearfix\"><p>Ja, wir stellen Ihnen verschiedene Beispiel-Apps, Bibliotheken und Unterrichtsmaterialien zur Verf\u00fcgung, damit Sie schnell loslegen k\u00f6nnen. Au\u00dferdem verbessern wir kontinuierlich die Schulungsmaterialien, die allen interessierten Lehrkr\u00e4ften zur Verf\u00fcgung gestellt werden.<\/p>\n<\/div><\/div><\/div><\/div><\/div>[\/vc_column][vc_column width=&#8221;1\/6&#8243;][\/vc_column][\/vc_row][\/vc_section]<\/p>\n<\/div>","protected":false},"excerpt":{"rendered":"<p>[vc_section][vc_row][vc_column][vc_column_text] Entwickeln Sie Ihre F\u00e4higkeiten mit dem Omnis-Bildungsprogramm [\/vc_column_text][vc_row_inner css=&#8221;.vc_custom_1603804885044{padding-top: 0px !important;padding-bottom: 0px !important;}&#8221;][vc_column_inner width=&#8221;1\/6&#8243;][\/vc_column_inner][vc_column_inner width=&#8221;2\/3&#8243;][vc_column_text] Mit Omnis Studio ist es wirklich einfach, App-Entwicklung zu lernen und zu lehren. Schulen, Ausbildungsbetriebe und Universit\u00e4ten auf der ganzen Welt unterrichten mit Omnis und versetzen ihre Studenten in die Lage, fantastische Apps f\u00fcr alle Plattformen und Ger\u00e4te zu [&hellip;]<\/p>\n","protected":false},"author":1,"featured_media":0,"parent":0,"menu_order":0,"comment_status":"closed","ping_status":"closed","template":"","meta":{"footnotes":""},"class_list":["post-1099","page","type-page","status-publish","hentry"],"_links":{"self":[{"href":"https:\/\/www.omnis.net\/store\/wp-json\/wp\/v2\/pages\/1099","targetHints":{"allow":["GET"]}}],"collection":[{"href":"https:\/\/www.omnis.net\/store\/wp-json\/wp\/v2\/pages"}],"about":[{"href":"https:\/\/www.omnis.net\/store\/wp-json\/wp\/v2\/types\/page"}],"author":[{"embeddable":true,"href":"https:\/\/www.omnis.net\/store\/wp-json\/wp\/v2\/users\/1"}],"replies":[{"embeddable":true,"href":"https:\/\/www.omnis.net\/store\/wp-json\/wp\/v2\/comments?post=1099"}],"version-history":[{"count":2,"href":"https:\/\/www.omnis.net\/store\/wp-json\/wp\/v2\/pages\/1099\/revisions"}],"predecessor-version":[{"id":1493,"href":"https:\/\/www.omnis.net\/store\/wp-json\/wp\/v2\/pages\/1099\/revisions\/1493"}],"wp:attachment":[{"href":"https:\/\/www.omnis.net\/store\/wp-json\/wp\/v2\/media?parent=1099"}],"curies":[{"name":"wp","href":"https:\/\/api.w.org\/{rel}","templated":true}]}}