{"id":1007,"date":"2022-02-01T09:25:43","date_gmt":"2022-02-01T09:25:43","guid":{"rendered":"https:\/\/www.omnis.net\/store\/?page_id=1007"},"modified":"2022-02-01T09:25:43","modified_gmt":"2022-02-01T09:25:43","slug":"kasse","status":"publish","type":"page","link":"https:\/\/www.omnis.net\/store\/kasse\/?lang=de","title":{"rendered":"Kasse"},"content":{"rendered":"<div class=\"wpb-content-wrapper\">[vc_row][vc_column css=&#8221;.vc_custom_1625161779178{padding-top: 30px !important;}&#8221;][vc_column_text]\r\n\r\n<div class=\"woocommerce\"><\/div> [\/vc_column_text][\/vc_column][\/vc_row][vc_row disable_element=&#8221;yes&#8221; css=&#8221;.vc_custom_1628842199378{margin-top: 30px !important;}&#8221;][vc_column][vc_column_text]<\/p>\n\r\n\r\n*Die hier aufgef\u00fchrten Preise dienen nur zu Marketingzwecken und k\u00f6nnen aufgrund von W\u00e4hrungs-, L\u00e4nder- und regionalen Abweichungen vom tats\u00e4chlichen Endpreis abweichen. Ihr tats\u00e4chlicher Preis wird beim Checkout angezeigt. [\/vc_column_text][\/vc_column][\/vc_row]<\/div>","protected":false},"excerpt":{"rendered":"<p>[vc_row][vc_column css=&#8221;.vc_custom_1625161779178{padding-top: 30px !important;}&#8221;][vc_column_text] *Die hier aufgef\u00fchrten Preise dienen nur zu Marketingzwecken und k\u00f6nnen aufgrund von W\u00e4hrungs-, L\u00e4nder- und regionalen Abweichungen vom tats\u00e4chlichen Endpreis abweichen. Ihr tats\u00e4chlicher Preis wird beim Checkout angezeigt. [\/vc_column_text][\/vc_column][\/vc_row]<\/p>\n","protected":false},"author":3,"featured_media":0,"parent":0,"menu_order":0,"comment_status":"closed","ping_status":"closed","template":"","meta":{"footnotes":""},"class_list":["post-1007","page","type-page","status-publish","hentry"],"_links":{"self":[{"href":"https:\/\/www.omnis.net\/store\/wp-json\/wp\/v2\/pages\/1007","targetHints":{"allow":["GET"]}}],"collection":[{"href":"https:\/\/www.omnis.net\/store\/wp-json\/wp\/v2\/pages"}],"about":[{"href":"https:\/\/www.omnis.net\/store\/wp-json\/wp\/v2\/types\/page"}],"author":[{"embeddable":true,"href":"https:\/\/www.omnis.net\/store\/wp-json\/wp\/v2\/users\/3"}],"replies":[{"embeddable":true,"href":"https:\/\/www.omnis.net\/store\/wp-json\/wp\/v2\/comments?post=1007"}],"version-history":[{"count":0,"href":"https:\/\/www.omnis.net\/store\/wp-json\/wp\/v2\/pages\/1007\/revisions"}],"wp:attachment":[{"href":"https:\/\/www.omnis.net\/store\/wp-json\/wp\/v2\/media?parent=1007"}],"curies":[{"name":"wp","href":"https:\/\/api.w.org\/{rel}","templated":true}]}}