{"id":1005,"date":"2022-02-01T09:19:02","date_gmt":"2022-02-01T09:19:02","guid":{"rendered":"https:\/\/www.omnis.net\/store\/?page_id=1005"},"modified":"2023-09-07T11:35:41","modified_gmt":"2023-09-07T11:35:41","slug":"support","status":"publish","type":"page","link":"https:\/\/www.omnis.net\/store\/support\/?lang=de","title":{"rendered":"Tech Support"},"content":{"rendered":"<div class=\"wpb-content-wrapper\"><p>[vc_section css=&#8221;.vc_custom_1603882232371{margin-top: 0px !important;}&#8221;][vc_row css=&#8221;.vc_custom_1603882295125{margin-top: -50px !important;margin-bottom: -20px !important;}&#8221;][vc_column width=&#8221;1\/4&#8243;][vc_column_text]<\/p>\n<p style=\"text-align: center;\"><span style=\"color: #000000;\"><a style=\"color: #000000;\" href=\"\/store\/developer-licences\/?lang=de\"><b>Developer Licenzen<\/b><\/a><\/span><\/p>\n<p>[\/vc_column_text][\/vc_column][vc_column width=&#8221;1\/4&#8243;][vc_column_text]<\/p>\n<p style=\"text-align: center;\"><span style=\"color: #008ed6;\"><a style=\"color: #008ed6;\" href=\"\/store\/support\/?lang=de\"><b>Technischer Support<\/b><\/a><\/span><\/p>\n<p>[\/vc_column_text][\/vc_column][vc_column width=&#8221;1\/4&#8243;][vc_column_text]<\/p>\n<p style=\"text-align: center;\"><span style=\"color: #000000;\"><a style=\"color: #000000;\" href=\"\/store\/odpp\/?lang=de\"><b>Developer Partner Program<\/b><\/a><\/span><\/p>\n<p>[\/vc_column_text][\/vc_column][vc_column width=&#8221;1\/4&#8243;][vc_column_text]<\/p>\n<p style=\"text-align: center;\"><span style=\"color: #000000;\"><a style=\"color: #000000;\" href=\"https:\/\/www.omnis.net\/store\/education\/?lang=de\"><b>Bildungsprogramm<\/b><\/a><\/span><\/p>\n<p>[\/vc_column_text][\/vc_column][\/vc_row][vc_row css=&#8221;.vc_custom_1603882417035{margin-top: -5px !important;}&#8221;][vc_column][vc_separator][\/vc_column][\/vc_row][\/vc_section][vc_section][vc_row][vc_column][vc_column_text]<\/p>\n<h1 style=\"text-align: center;\"><span style=\"color: #0f6cb1;\">Kompetent, pers\u00f6nlich<br \/>\n<\/span>und wirklich hilfreich<\/h1>\n<p>[\/vc_column_text][vc_row_inner css=&#8221;.vc_custom_1603804885044{padding-top: 0px !important;padding-bottom: 0px !important;}&#8221;][vc_column_inner width=&#8221;1\/6&#8243;][\/vc_column_inner][vc_column_inner width=&#8221;2\/3&#8243;][vc_column_text]<\/p>\n<p style=\"text-align: center;\">Der Zugang zu einem hochwertigen technischen Support ist oft entscheidend f\u00fcr den Erfolg eines Projekts und kann Zeit und Geld sparen. Omnis bietet hervorragenden pers\u00f6nlichen Support durch erfahrene Entwickler \u2013 und keine Warteschleifen, keine Chat-Bots. Sie sprechen mit echten Entwicklern und Ingenieuren.<\/p>\n<p>[\/vc_column_text][\/vc_column_inner][vc_column_inner width=&#8221;1\/6&#8243;][\/vc_column_inner][\/vc_row_inner][\/vc_column][\/vc_row][vc_row][vc_column width=&#8221;1\/4&#8243; css=&#8221;.vc_custom_1693466488082{margin-bottom: 30px !important;background-color: #c3ced6 !important;}&#8221;][vc_column_text]<\/p>\n<h3 style=\"text-align: center;\"><span style=\"color: #ffffff;\">Einzelticket<\/span><\/h3>\n<p style=\"text-align: center;\"><span style=\"color: #ffffff;\">\u2022 <strong>Ticket f\u00fcr 30 Minuten<\/strong> pers\u00f6nlicher technischer Support durch einen Omnis-Supporttechniker <\/span><\/p>\n<h3 style=\"text-align: center;\"><span style=\"color: #ffffff;\"><span class=\"woocommerce-Price-amount amount\"><bdi><span class=\"woocommerce-Price-currencySymbol\">USD<\/span>&nbsp;50.00<\/bdi><\/span> <\/span><\/h3>\n<p>[\/vc_column_text][vc_separator color=&#8221;white&#8221; el_width=&#8221;90&#8243;]<style type=\"text\/css\">#bklyn_btn_69ea991863d9f .bklyn-btn { color:#000000 !important; border-color:#ffffff !important; border-width:3px !important; }#bklyn_btn_69ea991863d9f .bklyn-btn:hover{ color:#ffffff !important; border-color:#ffffff !important; }#bklyn_btn_69ea991863d9f .bklyn-btn:focus{ color:#ffffff !important; border-color:#ffffff !important; }#bklyn_btn_69ea991863d9f .bklyn-btn:active { color:#ffffff !important; border-color:#ffffff !important; }#bklyn_btn_69ea991863d9f a.bklyn-btn { font-weight:bold !important; }#bklyn_btn_69ea991863d9f.bklyn-btn-header a.bklyn-btn { font-weight:bold !important; }#bklyn_btn_69ea991863d9f.bklyn-btn-header a.bklyn-btn span { font-weight:bold !important; }<\/style><div id=\"bklyn_btn_69ea991863d9f\" class=\"bklyn-btn-holder  bklyn-btn-center bklyn-btn-tablet-center bklyn-btn-mobile-center\"><a title=\"Support Single Ticket\"   href=\"\/store\/product\/single-ticket\/?lang=de\" target=\"_self\" class=\"bklyn-btn  bklyn-btn-outline bklyn-btn-normal\" ><span class=\"ut-btn-text\">Jetzt kaufen<\/span><\/a><\/div>[\/vc_column][vc_column width=&#8221;1\/4&#8243; css=&#8221;.vc_custom_1693466499402{margin-bottom: 30px !important;background-color: #9aa3aa !important;}&#8221;][vc_column_text]<\/p>\n<h3 style=\"text-align: center;\"><span style=\"color: #ffffff;\">Stundenticket<\/span><\/h3>\n<p style=\"text-align: center;\"><span style=\"color: #ffffff;\">\u2022 <strong>Ticket f\u00fcr 60 Minuten<\/strong> pers\u00f6nlicher technischer Support durch einen Omnis-Supporttechniker<\/span><\/p>\n<h3 style=\"text-align: center;\"><span style=\"color: #ffffff;\"><span class=\"woocommerce-Price-amount amount\"><bdi><span class=\"woocommerce-Price-currencySymbol\">USD<\/span>&nbsp;90.00<\/bdi><\/span> <\/span><\/h3>\n<p>[\/vc_column_text][vc_separator color=&#8221;white&#8221; el_width=&#8221;90&#8243;]<style type=\"text\/css\">#bklyn_btn_69ea99186667f .bklyn-btn { color:#000000 !important; border-color:#ffffff !important; border-width:3px !important; }#bklyn_btn_69ea99186667f .bklyn-btn:hover{ color:#ffffff !important; border-color:#ffffff !important; }#bklyn_btn_69ea99186667f .bklyn-btn:focus{ color:#ffffff !important; border-color:#ffffff !important; }#bklyn_btn_69ea99186667f .bklyn-btn:active { color:#ffffff !important; border-color:#ffffff !important; }#bklyn_btn_69ea99186667f a.bklyn-btn { font-weight:bold !important; }#bklyn_btn_69ea99186667f.bklyn-btn-header a.bklyn-btn { font-weight:bold !important; }#bklyn_btn_69ea99186667f.bklyn-btn-header a.bklyn-btn span { font-weight:bold !important; }<\/style><div id=\"bklyn_btn_69ea99186667f\" class=\"bklyn-btn-holder  bklyn-btn-center bklyn-btn-tablet-center bklyn-btn-mobile-center\"><a title=\"Support Hour Ticket\"   href=\"\/store\/product\/support-hour-ticket\/?lang=de\" target=\"_self\" class=\"bklyn-btn  bklyn-btn-outline bklyn-btn-normal\" ><span class=\"ut-btn-text\">Jetzt kaufen<\/span><\/a><\/div>[\/vc_column][vc_column width=&#8221;1\/4&#8243; css=&#8221;.vc_custom_1693466511529{margin-bottom: 30px !important;background-color: #7c858c !important;}&#8221;][vc_column_text]<\/p>\n<h3 style=\"text-align: center;\"><span style=\"color: #ffffff;\">GOLD<\/span><\/h3>\n<p style=\"text-align: center;\"><span style=\"color: #ffffff;\">\u2022 Erweiterter Support-Service f\u00fcr Omnis Studio Community + CommunityPro Editionen<\/span><br \/>\n<span style=\"color: #ffffff;\">\u2022 <strong>Umfassender technischer Support<\/strong> (Email, Telefon, Remote)<\/span><br \/>\n<span style=\"color: #ffffff;\">\u2022 <strong>f\u00fcr 12 Monate<\/strong><\/span><\/p>\n<h3 style=\"text-align: center;\"><span style=\"color: #ffffff;\"><span class=\"woocommerce-Price-amount amount\"><bdi><span class=\"woocommerce-Price-currencySymbol\">USD<\/span>&nbsp;750.00<\/bdi><\/span> <\/span><\/h3>\n<p>[\/vc_column_text][vc_separator color=&#8221;white&#8221; el_width=&#8221;90&#8243;]<style type=\"text\/css\">#bklyn_btn_69ea991869567 .bklyn-btn { color:#000000 !important; border-color:#ffffff !important; border-width:3px !important; }#bklyn_btn_69ea991869567 .bklyn-btn:hover{ color:#ffffff !important; border-color:#ffffff !important; }#bklyn_btn_69ea991869567 .bklyn-btn:focus{ color:#ffffff !important; border-color:#ffffff !important; }#bklyn_btn_69ea991869567 .bklyn-btn:active { color:#ffffff !important; border-color:#ffffff !important; }#bklyn_btn_69ea991869567 a.bklyn-btn { font-weight:bold !important; }#bklyn_btn_69ea991869567.bklyn-btn-header a.bklyn-btn { font-weight:bold !important; }#bklyn_btn_69ea991869567.bklyn-btn-header a.bklyn-btn span { font-weight:bold !important; }<\/style><div id=\"bklyn_btn_69ea991869567\" class=\"bklyn-btn-holder  bklyn-btn-center bklyn-btn-tablet-center bklyn-btn-mobile-center\"><a title=\"Gold Support\"   href=\"\/store\/product\/gold-support\/?lang=de\" target=\"_self\" class=\"bklyn-btn  bklyn-btn-outline bklyn-btn-normal\" ><span class=\"ut-btn-text\">Jetzt kaufen<\/span><\/a><\/div>[\/vc_column][vc_column width=&#8221;1\/4&#8243; css=&#8221;.vc_custom_1623159813706{background-color: #666c70 !important;}&#8221;][vc_column_text]<\/p>\n<h3 style=\"text-align: center;\"><span style=\"color: #ffffff;\">PLATINUM<\/span><\/h3>\n<p style=\"text-align: center;\"><span style=\"color: #ffffff;\">\u2022 Erweiterter Support- und Wartungsservice f\u00fcr Omnis Studio Standard + Professional Editionen<\/span><br \/>\n<span style=\"color: #ffffff;\">\u2022 <strong>umfassender technischer Support<\/strong> inkl. <strong> &amp; Upgrades<\/strong> f\u00fcr Entwicklerlizenzupdates<\/span><br \/>\n<span style=\"color: #ffffff;\">\u2022 <strong>f\u00fcr 12 Monate<\/strong><\/span><\/p>\n<h3 style=\"text-align: center;\"><span style=\"color: #ffffff;\"><span class=\"woocommerce-Price-amount amount\"><bdi><span class=\"woocommerce-Price-currencySymbol\">USD<\/span>&nbsp;1,750.00<\/bdi><\/span> <\/span><\/h3>\n<p>[\/vc_column_text][vc_separator color=&#8221;white&#8221; el_width=&#8221;90&#8243;]<style type=\"text\/css\">#bklyn_btn_69ea99186bec6 .bklyn-btn { color:#000000 !important; border-color:#ffffff !important; border-width:3px !important; }#bklyn_btn_69ea99186bec6 .bklyn-btn:hover{ color:#ffffff !important; border-color:#ffffff !important; }#bklyn_btn_69ea99186bec6 .bklyn-btn:focus{ color:#ffffff !important; border-color:#ffffff !important; }#bklyn_btn_69ea99186bec6 .bklyn-btn:active { color:#ffffff !important; border-color:#ffffff !important; }#bklyn_btn_69ea99186bec6 a.bklyn-btn { font-weight:bold !important; }#bklyn_btn_69ea99186bec6.bklyn-btn-header a.bklyn-btn { font-weight:bold !important; }#bklyn_btn_69ea99186bec6.bklyn-btn-header a.bklyn-btn span { font-weight:bold !important; }<\/style><div id=\"bklyn_btn_69ea99186bec6\" class=\"bklyn-btn-holder  bklyn-btn-center bklyn-btn-tablet-center bklyn-btn-mobile-center\"><a title=\"Platinum Support\"   href=\"\/store\/product\/platinum-support\/?lang=de\" target=\"_self\" class=\"bklyn-btn  bklyn-btn-outline bklyn-btn-normal\" ><span class=\"ut-btn-text\">Jetzt kaufen<\/span><\/a><\/div>[\/vc_column][\/vc_row][vc_row][vc_column width=&#8221;1\/6&#8243;][\/vc_column][vc_column width=&#8221;2\/3&#8243;][vc_column_text]<\/p>\n<h3 style=\"text-align: center;\">Das Optimum an Support, Produkten und Service f\u00fcr Sie im Omnis Developer Partner Programm (ODPP)<\/h3>\n<p style=\"text-align: center;\">Wenn Sie das h\u00f6chste Ma\u00df an technischem Support, Service, Vorzugskonditionen und Zugang zu Vorabversionen erhalten m\u00f6chten, sollten Sie dem <a href=\"https:\/\/www.omnis.net\/store\/odpp\/\">Omnis Developer Partner Program (ODPP)<\/a> beitreten. Dies ist Ihre Garantie f\u00fcr erstklassige Dienstleistungen und optimale Unterst\u00fctzung f\u00fcr Ihr Projekt.<\/p>\n<p>[\/vc_column_text][\/vc_column][vc_column width=&#8221;1\/6&#8243;][\/vc_column][\/vc_row][\/vc_section][vc_section css=&#8221;.vc_custom_1612866583105{background-color: rgba(194, 207, 217, 0.4) !important;*background-color: rgba(194,207, 217, 0.4) !important;}&#8221;][vc_row][vc_column][vc_column_text]<\/p>\n<h2 style=\"text-align: left;\">H\u00c4UFIG GESTELLTE FRAGEN \u00dcBER<span style=\"color: #008ed6;\">&#8230;<\/span><\/h2>\n<p>[\/vc_column_text][\/vc_column][\/vc_row][vc_row][vc_column width=&#8221;1\/6&#8243;][\/vc_column][vc_column width=&#8221;2\/3&#8243;][vc_column_text]<\/p>\n<h3><span style=\"color: #008ed6;\">&#8230;<\/span> Omnis Technischer Support<\/h3>\n<p>[\/vc_column_text]<div class=\"wpb_content_element \"><style type=\"text\/css\">#ut_accordion_69ea99186bf5f .ut-accordion-module-heading { color: #707070 }#ut_accordion_69ea99186bf5f .ut-accordion-module-item.open .ut-accordion-module-heading { color: #ffffff }#ut_accordion_69ea99186bf5f .ut-accordion-module-heading:hover { color: #ffffff }#ut_accordion_69ea99186bf5f .ut-accordion-module-heading:active { color: #ffffff }#ut_accordion_69ea99186bf5f .ut-accordion-module-heading:focus { color: #ffffff }#ut_accordion_69ea99186bf5f .ut-accordion-module-heading { background: #c2cdd6 }#ut_accordion_69ea99186bf5f .ut-accordion-module-heading:after { color: #000000 }#ut_accordion_69ea99186bf5f .ut-accordion-module-heading { font-size: 14px; }#ut_accordion_69ea99186bf5f .ut-accordion-module-heading { font-weight: 400; }#ut_accordion_69ea99186bf5f .ut-accordion-module-heading::before { -webkit-border-radius: 50%; -moz-border-radius: 50%; border-radius: 50%; }#ut_accordion_69ea99186bf5f .ut-accordion-module-heading::before { color: #ffffff; }#ut_accordion_69ea99186bf5f .ut-accordion-module-heading::before { background: #008ed6; }#ut_accordion_69ea99186bf5f .ut-accordion-module-heading::before { border: 1px solid #008ed6; }<\/style><div id=\"ut_accordion_69ea99186bf5f\" data-accordion-group class=\"ut-accordion-module ut-accordion-module-group  ut-accordion-module-with-counter ut-accordion-module-with-background\"><div data-accordion data-transition=\"400\" data-easing=\"ease\" class=\"ut-accordion-module-item \"><h3 data-control class=\"ut-accordion-module-heading\" data-counter=\"1\">Beinhaltet die kostenlose Community Edition Entwicklerlizenz einen kostenlosen technischen Support?<\/h3><div data-content class=\"ut-accordion-module-content\"><div class=\"ut-accordion-module-inner entry-content clearfix\"><p>Ja, in der kostenlosen Community Edition ist ein Basis-Support-Service enthalten. Dieser Basis-Support-Service wird von erfahrenen Entwicklern und Support-Ingenieuren bereitgestellt und bietet Ihnen echte Hilfe. Dieser kostenlose Support-Service ist in der Anzahl der F\u00e4lle nicht begrenzt, aber er wird nur per E-Mail bereitgestellt.<\/p>\n<\/div><\/div><\/div><div data-accordion data-transition=\"400\" data-easing=\"ease\" class=\"ut-accordion-module-item \"><h3 data-control class=\"ut-accordion-module-heading\" data-counter=\"2\">Ich habe gesehen, dass einige der Omnis Studio-Editionen technischen Support beinhalten. Wann sollte ich ein Support-Ticket oder GOLD- oder PLATIN-Support kaufen?<\/h3><div data-content class=\"ut-accordion-module-content\"><div class=\"ut-accordion-module-inner entry-content clearfix\"><p>Die Abopreise f\u00fcr die kostenlose Omnis Studio CommunityPro Edition und die Professional Edition beinhalten nur technischen Support per Email. Die Lifetime-Lizenzen Professional Edition enthalten keinen technischen Support.<\/p>\n<p>Wenn Sie Ihre Entwicklung beschleunigen m\u00f6chten, indem Sie ein technisches Problem, das f\u00fcr Ihr Projekt wichtig ist, mit einem erfahrenen Omnis-Supportingenieur besprechen, k\u00f6nnen Sie ein einzelnes Support-Ticket oder einen j\u00e4hrlichen Support-Service erwerben. Dieser Service stellt Ihnen ein hohes Ma\u00df an technischem Wissen zur Verf\u00fcgung und beinhaltet Remote-Web-Sessions, in denen wir gemeinsam mit Ihnen direkt an Ihrem Problem arbeiten. Falls erforderlich, kann unser Support-Team Ihnen auch einen Beispielcode zur Verf\u00fcgung stellen, der die L\u00f6sung Ihres Problems veranschaulicht.<\/p>\n<p>Der Omnis-Support hilft Ihnen bei Problemen mit der Entwicklung, dem Einsatz oder der Verwaltung von Omnis-Anwendungen.<\/p>\n<\/div><\/div><\/div><div data-accordion data-transition=\"400\" data-easing=\"ease\" class=\"ut-accordion-module-item \"><h3 data-control class=\"ut-accordion-module-heading\" data-counter=\"3\">Beinhaltet der Abonnementservice f\u00fcr die Lizenzierung auch Software-Patches und -Updates?<\/h3><div data-content class=\"ut-accordion-module-content\"><div class=\"ut-accordion-module-inner entry-content clearfix\"><p>Einer der vielen Vorteile von Lizenz-Abonnements ist, dass Patches und Updates der Omnis Studio-Plattform enthalten sind. Das hei\u00dft, wenn wir ein Patch-Release oder eine neue Funktion bereitstellen, erhalten Sie diese ohne zus\u00e4tzliche Kosten. So sind Sie ohne zus\u00e4tzliche Zahlungen immer auf der neuesten Version der Omnis-Technologie.<\/p>\n<\/div><\/div><\/div><div data-accordion data-transition=\"400\" data-easing=\"ease\" class=\"ut-accordion-module-item \"><h3 data-control class=\"ut-accordion-module-heading\" data-counter=\"4\">Was ist ein Support-Ticket?<\/h3><div data-content class=\"ut-accordion-module-content\"><div class=\"ut-accordion-module-inner entry-content clearfix\"><p>Ein Support-Ticket berechtigt zur Bearbeitung einer einzelnen Support-Anfrage durch das Omnis-Support-Team. Ein einzelnes Support-Problem ist ein Problem, das nicht in kleinere Probleme aufgeteilt werden kann.<br \/>\nDie Kommunikation und Bearbeitung Ihres Support-Tickets erfolgt per Telefon, Email und\/oder in Remote-Sessions.<\/p>\n<\/div><\/div><\/div><div data-accordion data-transition=\"400\" data-easing=\"ease\" class=\"ut-accordion-module-item \"><h3 data-control class=\"ut-accordion-module-heading\" data-counter=\"5\">Wie lange dauert die Beantwortung eines Tickets, GOLD und PLATIN Support?<\/h3><div data-content class=\"ut-accordion-module-content\"><div class=\"ut-accordion-module-inner entry-content clearfix\"><p>Die erste Antwort erfolgt in der Regel innerhalb weniger Gesch\u00e4ftsstunden.\u00a0 Unsere Supportzeiten sind Montag bis Freitag von 9 bis 17 Uhr.<\/p>\n<\/div><\/div><\/div><div data-accordion data-transition=\"400\" data-easing=\"ease\" class=\"ut-accordion-module-item \"><h3 data-control class=\"ut-accordion-module-heading\" data-counter=\"6\">Garantiert der technische Support von Omnis eine L\u00f6sung?<\/h3><div data-content class=\"ut-accordion-module-content\"><div class=\"ut-accordion-module-inner entry-content clearfix\"><p>Das Omnis-Support-Team wird alles tun, um Ihr Problem zu l\u00f6sen. Es kann jedoch verschiedene Gr\u00fcnde geben, warum wir Ihr Problem evtl. nicht vollst\u00e4ndig l\u00f6sen k\u00f6nnen. Dies kann vor allem in einer heterogenen Umgebung der Fall sein, die verschiedene andere Softwareprodukte umfasst. Daher k\u00f6nnen wir keine Garantie f\u00fcr die L\u00f6sung Ihres Problems \u00fcbernehmen.\u00a0 Sollten wir nicht in der Lage sein, Ihnen eine akzeptable L\u00f6sung zu bieten, werden wir immer versuchen, Ihnen einen Workaround anzubieten oder einen alternativen Ansatz zu empfehlen.<\/p>\n<\/div><\/div><\/div><div data-accordion data-transition=\"400\" data-easing=\"ease\" class=\"ut-accordion-module-item \"><h3 data-control class=\"ut-accordion-module-heading\" data-counter=\"7\">Gibt es Bereiche, die von den Support-Tickets und dem GOLD- und PLATIN-Support nicht abgedeckt werden?<\/h3><div data-content class=\"ut-accordion-module-content\"><div class=\"ut-accordion-module-inner entry-content clearfix\"><\/p>\n<ul>\n<li>Funktionserweiterungen<\/li>\n<li>Leistungsoptimierung Ihrer Anwendung<\/li>\n<li>Vor-Ort-Unterst\u00fctzung<\/li>\n<\/ul>\n<p>\n<\/div><\/div><\/div><\/div><\/div>[\/vc_column][vc_column width=&#8221;1\/6&#8243;][\/vc_column][\/vc_row][\/vc_section]<\/p>\n<\/div>","protected":false},"excerpt":{"rendered":"<p>[vc_section css=&#8221;.vc_custom_1603882232371{margin-top: 0px !important;}&#8221;][vc_row css=&#8221;.vc_custom_1603882295125{margin-top: -50px !important;margin-bottom: -20px !important;}&#8221;][vc_column width=&#8221;1\/4&#8243;][vc_column_text] Developer Licenzen [\/vc_column_text][\/vc_column][vc_column width=&#8221;1\/4&#8243;][vc_column_text] Technischer Support [\/vc_column_text][\/vc_column][vc_column width=&#8221;1\/4&#8243;][vc_column_text] Developer Partner Program [\/vc_column_text][\/vc_column][vc_column width=&#8221;1\/4&#8243;][vc_column_text] Bildungsprogramm [\/vc_column_text][\/vc_column][\/vc_row][vc_row css=&#8221;.vc_custom_1603882417035{margin-top: -5px !important;}&#8221;][vc_column][vc_separator][\/vc_column][\/vc_row][\/vc_section][vc_section][vc_row][vc_column][vc_column_text] Kompetent, pers\u00f6nlich und wirklich hilfreich [\/vc_column_text][vc_row_inner css=&#8221;.vc_custom_1603804885044{padding-top: 0px !important;padding-bottom: 0px !important;}&#8221;][vc_column_inner width=&#8221;1\/6&#8243;][\/vc_column_inner][vc_column_inner width=&#8221;2\/3&#8243;][vc_column_text] Der Zugang zu einem hochwertigen technischen Support ist oft entscheidend f\u00fcr den Erfolg eines [&hellip;]<\/p>\n","protected":false},"author":3,"featured_media":0,"parent":0,"menu_order":0,"comment_status":"closed","ping_status":"closed","template":"","meta":{"footnotes":""},"class_list":["post-1005","page","type-page","status-publish","hentry"],"_links":{"self":[{"href":"https:\/\/www.omnis.net\/store\/wp-json\/wp\/v2\/pages\/1005","targetHints":{"allow":["GET"]}}],"collection":[{"href":"https:\/\/www.omnis.net\/store\/wp-json\/wp\/v2\/pages"}],"about":[{"href":"https:\/\/www.omnis.net\/store\/wp-json\/wp\/v2\/types\/page"}],"author":[{"embeddable":true,"href":"https:\/\/www.omnis.net\/store\/wp-json\/wp\/v2\/users\/3"}],"replies":[{"embeddable":true,"href":"https:\/\/www.omnis.net\/store\/wp-json\/wp\/v2\/comments?post=1005"}],"version-history":[{"count":5,"href":"https:\/\/www.omnis.net\/store\/wp-json\/wp\/v2\/pages\/1005\/revisions"}],"predecessor-version":[{"id":1477,"href":"https:\/\/www.omnis.net\/store\/wp-json\/wp\/v2\/pages\/1005\/revisions\/1477"}],"wp:attachment":[{"href":"https:\/\/www.omnis.net\/store\/wp-json\/wp\/v2\/media?parent=1005"}],"curies":[{"name":"wp","href":"https:\/\/api.w.org\/{rel}","templated":true}]}}